{"id":5258,"date":"2018-04-13T10:18:43","date_gmt":"2018-04-13T08:18:43","guid":{"rendered":"http:\/\/pa-wp.entwurfsansicht.de\/?page_id=5258"},"modified":"2018-05-22T09:08:02","modified_gmt":"2018-05-22T07:08:02","slug":"press-commentaries","status":"publish","type":"page","link":"https:\/\/pjuractive.com\/en\/press-commentaries\/","title":{"rendered":"Press commentaries"},"content":{"rendered":"<div id=\"pl-5258\"  class=\"panel-layout\" ><div id=\"pg-5258-0\"  class=\"panel-grid panel-has-style\" ><div class=\"siteorigin-panels-stretch panel-row-style panel-row-style-for-5258-0\" data-stretch-type=\"full\" ><div id=\"pgc-5258-0-0\"  class=\"panel-grid-cell\" ><div id=\"panel-5258-0-0-0\" class=\"so-panel widget widget_sow-headline panel-first-child panel-last-child\" data-index=\"0\" ><div class=\"so-widget-sow-headline so-widget-sow-headline-default-509b3573f74b so-widget-fittext-wrapper\" data-fit-text-compressor=\"0.85\"><div class=\"sow-headline-container \">\n\t<h1 class='sow-sub-headline'>Our<\/h1><h1 class='sow-headline'>press commentaries<\/h1><\/div><\/div><\/div><\/div><\/div><\/div><div id=\"pg-5258-1\"  class=\"panel-grid panel-has-style\" ><div class=\"unsere-pressestimmen siteorigin-panels-stretch panel-row-style panel-row-style-for-5258-1\" data-stretch-type=\"full\" ><div id=\"pgc-5258-1-0\"  class=\"panel-grid-cell\" ><div id=\"panel-5258-1-0-0\" class=\"so-panel widget widget_sow-image panel-first-child\" data-index=\"1\" ><div id=\"triathlete\" class=\"panel-widget-style panel-widget-style-for-5258-1-0-0\" ><div class=\"so-widget-sow-image so-widget-sow-image-default-8358abbce072\">\r\n\t<h3 class=\"widget-title\">Australian Triathlete Magazin<\/h3>\r\n<div class=\"sow-image-container\">\r\n<a href=\"\/wp-content\/uploads\/australian-triathlete-magazine_2skin.jpg\" rel=\"lightbox\" title=\"Press commentaries\" >\t<img src=\"https:\/\/pjuractive.com\/wp-content\/uploads\/australian-triathlete-magazine_2skin.jpg\" width=\"378\" height=\"490\" sizes=\"(max-width: 378px) 100vw, 378px\" title=\"Australian Triathlete Magazin\" alt=\"Triathlon is a sport where the skin is exposed to intense strain due to constant changes of clothing and environment. Until now, there hasn\u2019t been a product against chafing that is waterproof, yet also allows the skin to breathe.\" \t\tclass=\"so-widget-image\"\/>\r\n<\/a><\/div>\r\n\r\n<\/div><\/div><\/div><div id=\"panel-5258-1-0-1\" class=\"so-panel widget widget_sow-image panel-last-child\" data-index=\"2\" ><div id=\"runners-world-after\" class=\"panel-widget-style panel-widget-style-for-5258-1-0-1\" ><div class=\"so-widget-sow-image so-widget-sow-image-default-8358abbce072\">\r\n\t<h3 class=\"widget-title\">Runner\u2019s World<\/h3>\r\n<div class=\"sow-image-container\">\r\n<a href=\"\/wp-content\/uploads\/runners-world_body-after-shave-spray.jpg\" rel=\"lightbox\" title=\"Press commentaries\" >\t<img src=\"https:\/\/pjuractive.com\/wp-content\/uploads\/runners-world_body-after-shave-spray.jpg\" width=\"416\" height=\"752\" srcset=\"https:\/\/pjuractive.com\/wp-content\/uploads\/runners-world_body-after-shave-spray.jpg 416w, https:\/\/pjuractive.com\/wp-content\/uploads\/runners-world_body-after-shave-spray-299x540.jpg 299w, https:\/\/pjuractive.com\/wp-content\/uploads\/runners-world_body-after-shave-spray-373x675.jpg 373w\" sizes=\"(max-width: 416px) 100vw, 416px\" title=\"Runner\u2019s World\" alt=\"Das Gel ist sehr d\u00fcnnfl\u00fcssig; viele Tester berichten, dass sie anfangs zu hoch dosiert haben. Meist reicht eine kleine Menge, die auf die betroffenen, zu sch\u00fctzenden Hautstellen aufmassiert wird. Es zieht schnell ein und fettet nicht. Die gestellte Aufgabe bew\u00e4ltigt das Gel bestens: Wundscheuern wird sehr effektiv vorgebeugt, sogar an anspruchsvollen Stellen wie etwa im Nackenbereich des Neoprenanzugs oder am Brustband des Sport-BHs. Die typischsten Anwendungspartien sind der Achsel- und Schrittbereich, die Brustpartie, der Nacken (bei Triathleten) und die F\u00fc\u00dfe. Vorteil: Das Gel behindert nicht die Atmungsaktivit\u00e4t und verstopft auch nicht die Poren.\" \t\tclass=\"so-widget-image\"\/>\r\n<\/a><\/div>\r\n\r\n<\/div><\/div><\/div><\/div><div id=\"pgc-5258-1-1\"  class=\"panel-grid-cell\" ><div id=\"panel-5258-1-1-0\" class=\"so-panel widget widget_sow-image panel-first-child\" data-index=\"3\" ><div id=\"trail-magazin\" class=\"panel-widget-style panel-widget-style-for-5258-1-1-0\" ><div class=\"so-widget-sow-image so-widget-sow-image-default-f9efaec62266\">\r\n\t<h3 class=\"widget-title\">Trail Magazin<\/h3>\r\n<div class=\"sow-image-container\">\r\n<a href=\"\/wp-content\/uploads\/trail-magazin_2skin.jpg\" rel=\"lightbox\" title=\"Press commentaries\" >\t<img src=\"https:\/\/pjuractive.com\/wp-content\/uploads\/trail-magazin_2skin.jpg\" width=\"511\" height=\"680\" srcset=\"https:\/\/pjuractive.com\/wp-content\/uploads\/trail-magazin_2skin.jpg 511w, https:\/\/pjuractive.com\/wp-content\/uploads\/trail-magazin_2skin-406x540.jpg 406w, https:\/\/pjuractive.com\/wp-content\/uploads\/trail-magazin_2skin-507x675.jpg 507w\" sizes=\"(max-width: 511px) 100vw, 511px\" title=\"Trail Magazin\" alt=\"Die ultimative L\u00f6sung gegen Wundscheuern an all diesen sehr heiklen K\u00f6rperstellen ist das \u201e2SKIN ANTI-CHAFING GEL\u201c von pjuractive. Die Flasche mit 100 ml des Wundermittels h\u00e4lt gef\u00fchlt ewig, denn nur wenige Tropfen verteilen sich rasch gleichm\u00e4\u00dfig. Im Gegensatz zum Fett auf Paraffinbasis ist dieses Gel temperaturbest\u00e4ndig und atmungsaktiv. Das bedeutet: Die Poren der Haut werden nicht verstopft. Im Anschluss an den Sport l\u00e4sst sich 2SKIN mit etwas Waschlotion \u00fcbrigens problemlos wieder entfernen.\" \t\tclass=\"so-widget-image\"\/>\r\n<\/a><\/div>\r\n\r\n<\/div><\/div><\/div><div id=\"panel-5258-1-1-1\" class=\"so-panel widget widget_sow-image panel-last-child\" data-index=\"4\" ><div id=\"mountainbike\" class=\"panel-widget-style panel-widget-style-for-5258-1-1-1\" ><div class=\"so-widget-sow-image so-widget-sow-image-default-8358abbce072\">\r\n\t<h3 class=\"widget-title\">Mountainbike<\/h3>\r\n<div class=\"sow-image-container\">\r\n<a href=\"\/wp-content\/uploads\/mountainbike_2skin.jpg\" rel=\"lightbox\" title=\"Press commentaries\" >\t<img src=\"https:\/\/pjuractive.com\/wp-content\/uploads\/mountainbike_2skin.jpg\" width=\"503\" height=\"674\" srcset=\"https:\/\/pjuractive.com\/wp-content\/uploads\/mountainbike_2skin.jpg 503w, https:\/\/pjuractive.com\/wp-content\/uploads\/mountainbike_2skin-403x540.jpg 403w\" sizes=\"(max-width: 503px) 100vw, 503px\" title=\"Mountainbike\" alt=\"This is possibly the best anti-chafing gel our team has tried and is an essential bit of kit. Providing lubrication &amp; protection. It is breathable, ultra-long lasting, water &amp; sweat resistant.\" \t\tclass=\"so-widget-image\"\/>\r\n<\/a><\/div>\r\n\r\n<\/div><\/div><\/div><\/div><div id=\"pgc-5258-1-2\"  class=\"panel-grid-cell\" ><div id=\"panel-5258-1-2-0\" class=\"so-panel widget widget_sow-image panel-first-child\" data-index=\"5\" ><div id=\"mens-running-injury\" class=\"panel-widget-style panel-widget-style-for-5258-1-2-0\" ><div class=\"so-widget-sow-image so-widget-sow-image-default-8358abbce072\">\r\n\t<h3 class=\"widget-title\">Men's Running Magazin<\/h3>\r\n<div class=\"sow-image-container\">\r\n<a href=\"\/wp-content\/uploads\/mens-running_award-injury-prevention-product.jpg\" rel=\"lightbox\" title=\"Press commentaries\" >\t<img src=\"https:\/\/pjuractive.com\/wp-content\/uploads\/mens-running_award-injury-prevention-product.jpg\" width=\"645\" height=\"607\" srcset=\"https:\/\/pjuractive.com\/wp-content\/uploads\/mens-running_award-injury-prevention-product.jpg 645w, https:\/\/pjuractive.com\/wp-content\/uploads\/mens-running_award-injury-prevention-product-574x540.jpg 574w\" sizes=\"(max-width: 645px) 100vw, 645px\" title=\"Men&#039;s Running Magazin\" alt=\"Es f\u00fchlt sich an wie eine zweite Haut \u2014 hielt hervorragend und lange. Ich bin beeindruckt von seiner Wirksamkeit!\" \t\tclass=\"so-widget-image\"\/>\r\n<\/a><\/div>\r\n\r\n<\/div><\/div><\/div><div id=\"panel-5258-1-2-1\" class=\"so-panel widget widget_sow-image\" data-index=\"6\" ><div id=\"sport-fachhandel\" class=\"panel-widget-style panel-widget-style-for-5258-1-2-1\" ><div class=\"so-widget-sow-image so-widget-sow-image-default-8358abbce072\">\r\n\t<h3 class=\"widget-title\">Sport Fachhandel<\/h3>\r\n<div class=\"sow-image-container\">\r\n<a href=\"\/wp-content\/uploads\/sport-fachhandel_2skin.jpg\" rel=\"lightbox\" title=\"Press commentaries\" >\t<img src=\"https:\/\/pjuractive.com\/wp-content\/uploads\/sport-fachhandel_2skin.jpg\" width=\"492\" height=\"622\" srcset=\"https:\/\/pjuractive.com\/wp-content\/uploads\/sport-fachhandel_2skin.jpg 492w, https:\/\/pjuractive.com\/wp-content\/uploads\/sport-fachhandel_2skin-427x540.jpg 427w\" sizes=\"(max-width: 492px) 100vw, 492px\" title=\"Sport Fachhandel\" alt=\"Pflegewunder. Wer auch im Winter l\u00e4uft, leidet h\u00e4ufig darunter, dass Haut an Haut oder Kleidung an Haut reibt. Denn mehr Kleidung bedeutet mehr N\u00e4hte und damit oft unangenehmes Wundscheuern und Blasenbildung. Den perfekten Lauf \u2013 auch im Winter \u2013 k\u00f6nnen L\u00e4ufer jetzt mit dem Gel 2SKIN von pjuractive absolvieren.\" \t\tclass=\"so-widget-image\"\/>\r\n<\/a><\/div>\r\n\r\n<\/div><\/div><\/div><div id=\"panel-5258-1-2-2\" class=\"so-panel widget widget_sow-image panel-last-child\" data-index=\"7\" ><div id=\"sport-aktiv\" class=\"panel-widget-style panel-widget-style-for-5258-1-2-2\" ><div class=\"so-widget-sow-image so-widget-sow-image-default-8358abbce072\">\r\n\t<h3 class=\"widget-title\">Sport Aktiv<\/h3>\r\n<div class=\"sow-image-container\">\r\n<a href=\"\/wp-content\/uploads\/sport-aktiv_2skin.jpg\" rel=\"lightbox\" title=\"Press commentaries\" >\t<img src=\"https:\/\/pjuractive.com\/wp-content\/uploads\/sport-aktiv_2skin.jpg\" width=\"607\" height=\"564\" srcset=\"https:\/\/pjuractive.com\/wp-content\/uploads\/sport-aktiv_2skin.jpg 607w, https:\/\/pjuractive.com\/wp-content\/uploads\/sport-aktiv_2skin-581x540.jpg 581w\" sizes=\"(max-width: 607px) 100vw, 607px\" title=\"Sport Aktiv\" alt=\"Mit dem pjuractive 2SKIN Gel geh\u00f6ren Blasen in den Laufschuhen sowie Scheuerstellen (z.B. durch die Gurte eines Trinkrucksacks) der Vergangenheit an. Ein d\u00fcnner Schutzfilm beugt dem Wundwerden sowie Blasen n\u00e4mlich effektiv vor.\" \t\tclass=\"so-widget-image\"\/>\r\n<\/a><\/div>\r\n\r\n<\/div><\/div><\/div><\/div><div id=\"pgc-5258-1-3\"  class=\"panel-grid-cell\" ><div id=\"panel-5258-1-3-0\" class=\"so-panel widget widget_sow-image panel-first-child\" data-index=\"8\" ><div id=\"rennrad\" class=\"panel-widget-style panel-widget-style-for-5258-1-3-0\" ><div class=\"so-widget-sow-image so-widget-sow-image-default-8358abbce072\">\r\n\t<h3 class=\"widget-title\">Rennrad<\/h3>\r\n<div class=\"sow-image-container\">\r\n<a href=\"\/wp-content\/uploads\/rennrad_2skin.jpg\" rel=\"lightbox\" title=\"Press commentaries\" >\t<img src=\"https:\/\/pjuractive.com\/wp-content\/uploads\/rennrad_2skin.jpg\" width=\"955\" height=\"678\" srcset=\"https:\/\/pjuractive.com\/wp-content\/uploads\/rennrad_2skin.jpg 955w, https:\/\/pjuractive.com\/wp-content\/uploads\/rennrad_2skin-761x540.jpg 761w, https:\/\/pjuractive.com\/wp-content\/uploads\/rennrad_2skin-768x545.jpg 768w, https:\/\/pjuractive.com\/wp-content\/uploads\/rennrad_2skin-951x675.jpg 951w\" sizes=\"(max-width: 955px) 100vw, 955px\" title=\"Rennrad\" alt=\"\u2026Der Autor dieser Zeilen ist ein leidgeplagter Experte in Sachen Blasenbildung an den F\u00fc\u00dfen. L\u00e4ufe jenseits der 25 Kilometer enden daher meist \u00e4u\u00dferst schmerzhaft. Tr\u00e4gt man hingegen das pjuractive Hautschutzgel vorbeugend an den entsprechenden Stellen zwischen den Zehen auf, konnte im Langzeittest die Blasenbildung deutlich reduziert werden. Das durchsichtige, wasser- und schwei\u00dfresistente Gel \u00fcberzieht die Haut mit einer Art \u201eSchutzschicht\u201c. Im Normalfall reichen schon wenige Tropfen aus\u2026\" \t\tclass=\"so-widget-image\"\/>\r\n<\/a><\/div>\r\n\r\n<\/div><\/div><\/div><div id=\"panel-5258-1-3-1\" class=\"so-panel widget widget_sow-image\" data-index=\"9\" ><div id=\"runners-world\" class=\"panel-widget-style panel-widget-style-for-5258-1-3-1\" ><div class=\"so-widget-sow-image so-widget-sow-image-default-8358abbce072\">\r\n\t<h3 class=\"widget-title\">Runner's World<\/h3>\r\n<div class=\"sow-image-container\">\r\n<a href=\"\/wp-content\/uploads\/runners-world_2skin.jpg\" rel=\"lightbox\" title=\"Press commentaries\" >\t<img src=\"https:\/\/pjuractive.com\/wp-content\/uploads\/runners-world_2skin.jpg\" width=\"725\" height=\"818\" srcset=\"https:\/\/pjuractive.com\/wp-content\/uploads\/runners-world_2skin.jpg 725w, https:\/\/pjuractive.com\/wp-content\/uploads\/runners-world_2skin-479x540.jpg 479w, https:\/\/pjuractive.com\/wp-content\/uploads\/runners-world_2skin-598x675.jpg 598w\" sizes=\"(max-width: 725px) 100vw, 725px\" title=\"Runner&#039;s World\" alt=\"Es f\u00fchlt sich wie ein Schutzfilm an, der alles geschmeidig und \u201aflutschig\u2018 macht. Es zieht nicht ein wie eine Bodylotion, sondern bleibt da, wo es sein soll.\" \t\tclass=\"so-widget-image\"\/>\r\n<\/a><\/div>\r\n\r\n<\/div><\/div><\/div><div id=\"panel-5258-1-3-2\" class=\"so-panel widget widget_sow-image panel-last-child\" data-index=\"10\" ><div id=\"mens-running-innovation\" class=\"panel-widget-style panel-widget-style-for-5258-1-3-2\" ><div class=\"so-widget-sow-image so-widget-sow-image-default-8358abbce072\">\r\n\t<h3 class=\"widget-title\">Men's Running Magazin<\/h3>\r\n<div class=\"sow-image-container\">\r\n<a href=\"\/wp-content\/uploads\/mens-running_award-best-innovation.jpg\" rel=\"lightbox\" title=\"Press commentaries\" >\t<img src=\"https:\/\/pjuractive.com\/wp-content\/uploads\/mens-running_award-best-innovation.jpg\" width=\"616\" height=\"607\" srcset=\"https:\/\/pjuractive.com\/wp-content\/uploads\/mens-running_award-best-innovation.jpg 616w, https:\/\/pjuractive.com\/wp-content\/uploads\/mens-running_award-best-innovation-548x540.jpg 548w\" sizes=\"(max-width: 616px) 100vw, 616px\" title=\"Men&#039;s Running Magazin\" alt=\"This is possibly the best anti-chafing gel our team has tried and is an essential bit of kit. Providing lubrication &amp; protection. It is breathable, ultra-long lasting, water &amp; sweat resistant.\" \t\tclass=\"so-widget-image\"\/>\r\n<\/a><\/div>\r\n\r\n<\/div><\/div><\/div><\/div><\/div><\/div><\/div>","protected":false},"excerpt":{"rendered":"<p>Ourpress commentaries Australian Triathlete Magazin Runner\u2019s World Trail Magazin Mountainbike Men&#8217;s Running Magazin Sport Fachhandel Sport Aktiv Rennrad Runner&#8217;s World Men&#8217;s Running Magazin<\/p>\n","protected":false},"author":5,"featured_media":0,"parent":0,"menu_order":0,"comment_status":"closed","ping_status":"closed","template":"","meta":[],"_links":{"self":[{"href":"https:\/\/pjuractive.com\/en\/wp-json\/wp\/v2\/pages\/5258\/"}],"collection":[{"href":"https:\/\/pjuractive.com\/en\/wp-json\/wp\/v2\/pages\/"}],"about":[{"href":"https:\/\/pjuractive.com\/en\/wp-json\/wp\/v2\/types\/page\/"}],"author":[{"embeddable":true,"href":"https:\/\/pjuractive.com\/en\/wp-json\/wp\/v2\/users\/5\/"}],"replies":[{"embeddable":true,"href":"https:\/\/pjuractive.com\/en\/wp-json\/wp\/v2\/comments\/?post=5258"}],"version-history":[{"count":9,"href":"https:\/\/pjuractive.com\/en\/wp-json\/wp\/v2\/pages\/5258\/revisions\/"}],"predecessor-version":[{"id":10742,"href":"https:\/\/pjuractive.com\/en\/wp-json\/wp\/v2\/pages\/5258\/revisions\/10742\/"}],"wp:attachment":[{"href":"https:\/\/pjuractive.com\/en\/wp-json\/wp\/v2\/media\/?parent=5258"}],"curies":[{"name":"wp","href":"https:\/\/api.w.org\/{rel}","templated":true}]}}